{"id":36,"date":"2016-03-10T11:04:33","date_gmt":"2016-03-10T10:04:33","guid":{"rendered":"http:\/\/demo.themeum.com\/wordpress\/cuisine\/?page_id=36"},"modified":"2025-05-15T17:38:29","modified_gmt":"2025-05-15T15:38:29","slug":"home-2-2","status":"publish","type":"page","link":"https:\/\/www.restaurantemugarra.com\/es\/","title":{"rendered":"HOME"},"content":{"rendered":"<p>[vc_row][vc_column el_class=\u00bbslider-home\u00bb][rev_slider_vc alias=\u00bbHome\u00bb][\/vc_column][\/vc_row][vc_row full_width=\u00bbstretch_row\u00bb parallax=\u00bbcontent-moving\u00bb parallax_image=\u00bb2080&#8243; css=\u00bb.vc_custom_1557836250106{padding-top: 0px !important;}\u00bb el_class=\u00bbbloque_completo\u00bb][vc_column css_animation=\u00bbnone\u00bb css=\u00bb.vc_custom_1557392633350{background-position: 0 0 !important;background-repeat: repeat !important;}\u00bb][vc_empty_space height=\u00bb200px\u00bb]<div class=\"entry-content-list bloque_cuchillo\" style=\"text-align:left; background-image: url(https:\/\/www.restaurantemugarra.com\/wp-content\/uploads\/2019\/05\/fotos_ome.png); background-repeat:no-repeat; background-position: 0; background-size: contain; padding: 100px 0;\"><div class=\"row\"><div class=\"col-md-6\"><\/div><div class=\"col-md-6\"><div class=\"cuisine-addon-content\"><h3 class=\"cuisine-chef-title wow fadeInUp\" data-wow-delay=\"100ms\">EL DE SIEMPRE COMO NUNCA<\/h3><div class=\"cuisine-chef-description wow fadeInUp\" data-wow-delay=\"200ms\">MUGARRA ABRE SUS PUERTAS PARA DEJAR ENTRAR\u2026 Y PARA SALIR. UN VIAJE POR LOS SABORES DEL CANT\u00c1BRICO C\u00d3MO Y DONDE T\u00da QUIERAS.<\/div><\/div><\/div><\/div><\/div>[vc_empty_space height=\u00bb250px\u00bb][\/vc_column][vc_column][\/vc_column][\/vc_row][vc_row full_width=\u00bbstretch_row\u00bb css=\u00bb.vc_custom_1557846634427{margin-top: 0px !important;margin-bottom: 0px !important;padding-top: 0px !important;padding-bottom: 0px !important;background-image: url(http:\/\/www.restaurantemugarra.com\/wp-content\/uploads\/2019\/05\/escamas_v5.jpg?id=2090) !important;background-position: center !important;background-repeat: no-repeat !important;background-size: cover !important;}\u00bb el_class=\u00bbfixed-bg\u00bb][vc_column css=\u00bb.vc_custom_1458035227567{margin-top: 0px !important;margin-bottom: 0px !important;padding-top: 0px !important;padding-bottom: 0px !important;}\u00bb]<div class=\"menuoffer-addon menuoffer-addon-fancy-cta text-class\"><div class=\"row no-gutter\"><div class=\"col-md-7\"><div class=\"menuoffer-addon-content\" style=\"background-image:url(https:\/\/www.restaurantemugarra.com\/wp-content\/uploads\/2019\/05\/FONDO_tienda_v2.jpg);\"><i style=\"font-size: 128px;\" class=\" menuoffer-fancy-cta-icon bounceIn\"><\/i><h2 class=\"menuoffer-fancy-cta-title\" style=\"font-size: 60px;\">NUESTRA TIENDA<\/h2><div class=\"menuoffer-fancy-cta-text\">No es necesario sentarse a nuestra mesa para disfrutar de nuestros marinados, escabechados, las mejores alcachofas o los begihandis...Todas nuestras elaboraciones listas para llevar.<\/div><a target=\"_self\" class=\"btn btn-transparent white\" href=\"http:\/\/www.restaurantemugarra.com\/es\/tienda\/\">IR A TIENDA<\/a><\/div><\/div><div class=\"col-md-5 menuoffer-img-container\"><div class=\"menuoffer-position-right\"><img src=\"https:\/\/www.restaurantemugarra.com\/wp-content\/uploads\/2019\/05\/Tienda-1.jpg\" alt=\"NUESTRA TIENDA\"><\/div><\/div><\/div><\/div><div class=\"menuoffer-addon menuoffer-addon-fancy-cta text-class\"><div class=\"row no-gutter\"><div class=\"col-md-5 menuoffer-img-container\"><div class=\"menuoffer-position-left\"><img src=\"https:\/\/www.restaurantemugarra.com\/wp-content\/uploads\/2019\/05\/CARTA.jpg\" alt=\"PARA COMER A BORDO\"><\/div><\/div><div class=\"col-md-7\"><div class=\"menuoffer-addon-content\" style=\"background-image:url(https:\/\/www.restaurantemugarra.com\/wp-content\/uploads\/2019\/05\/FONDO_CARTA_v2.jpg);\"><i style=\"font-size: 128px;\" class=\" menuoffer-fancy-cta-icon bounceIn\"><\/i><h2 class=\"menuoffer-fancy-cta-title\" style=\"font-size: 60px;\">PARA COMER A BORDO<\/h2><div class=\"menuoffer-fancy-cta-text\">Recolectamos los mejores productos de la tierra y el mar para traerlos a nuestra cocina. Elaboraciones tradicionales se mezclan con nuevas preparaciones.<\/div><a target=\"_self\" class=\"btn btn-transparent white\" href=\"http:\/\/www.restaurantemugarra.com\/es\/carta\/\">VER CARTA<\/a><\/div><\/div><\/div><\/div><div class=\"menuoffer-addon menuoffer-addon-fancy-cta text-class\"><div class=\"row no-gutter\"><div class=\"col-md-7\"><div class=\"menuoffer-addon-content\" style=\"background-image:url(https:\/\/www.restaurantemugarra.com\/wp-content\/uploads\/2019\/05\/FONDO_bodega.jpg);\"><i style=\"font-size: 128px;\" class=\" menuoffer-fancy-cta-icon bounceIn\"><\/i><h2 class=\"menuoffer-fancy-cta-title\" style=\"font-size: 60px;\">NUESTRA BODEGA<\/h2><div class=\"menuoffer-fancy-cta-text\">En nuestra bodega encontrar\u00e1s producciones \u00fanicas, especiales y sorprendentes. Caldos singulares para que tu experiencia gastron\u00f3mica a bordo del Mugarra y donde t\u00fa elijas sea redonda.<\/div><a target=\"_self\" class=\"btn btn-transparent white\" href=\"http:\/\/www.restaurantemugarra.com\/es\/tienda\/#vinos\">IR A BODEGA<\/a><\/div><\/div><div class=\"col-md-5 menuoffer-img-container\"><div class=\"menuoffer-position-right\"><img src=\"https:\/\/www.restaurantemugarra.com\/wp-content\/uploads\/2019\/05\/VINOS.jpg\" alt=\"NUESTRA BODEGA\"><\/div><\/div><\/div><\/div>[\/vc_column][\/vc_row][vc_row full_width=\u00bbstretch_row\u00bb css=\u00bb.vc_custom_1557393920641{padding-top: 250px !important;padding-bottom: 300px !important;background-image: url(http:\/\/www.restaurantemugarra.com\/wp-content\/uploads\/2019\/05\/fondo_marmol.jpg?id=1655) !important;background-position: center !important;background-repeat: no-repeat !important;background-size: cover !important;}\u00bb el_class=\u00bbfixed-bg responsive-pad tripadvisor\u00bb][vc_column]<div class=\"addon-themeum-title \" style=\"text-align:center;\"><h1 class=\"style-title\" style=\"font-weight:400;font-size:14px;line-height: normal;color:#c42316;margin-bottom:20px;\">EVENTOS &amp; CELEBRACIONES<\/h1><h3 class=\"style-sub-title\" style=\"font-weight:700;font-size:90px;line-height: normal;color:#c42316;margin-bottom:40px;\">EL MUGARRA ES TU CASA<\/h3><\/div>[vc_column_text]<\/p>\n<p style=\"text-align: center;\"><span style=\"color: #112966;\">Si tienes en mente una presentaci\u00f3n o evento concreto puedes<br \/>\nconsultarnos la posibilidad de reservar nuestro espacio.<br class=\"\" \/><\/span>[\/vc_column_text][vc_empty_space][\/vc_column][vc_column][\/vc_column][\/vc_row][vc_row full_width=\u00bbstretch_row\u00bb css=\u00bb.vc_custom_1561649548746{padding-top: 100px !important;padding-bottom: 100px !important;background-color: #112966 !important;}\u00bb][vc_column width=\u00bb1\/3&#8243;][vc_single_image image=\u00bb1677&#8243; alignment=\u00bbcenter\u00bb el_class=\u00bbimagen_bottom\u00bb][vc_column_text]<\/p>\n<h1 style=\"text-align: center;\"><span style=\"color: #c42316;\">ESTAMOS EN<\/span><\/h1>\n<p style=\"text-align: center;\">Calle Ercilla 14.<br \/>\nBILBAO[\/vc_column_text][\/vc_column][vc_column width=\u00bb1\/3&#8243;][vc_single_image image=\u00bb1678&#8243; alignment=\u00bbcenter\u00bb el_class=\u00bbimagen_bottom\u00bb][vc_column_text]<\/p>\n<h1 style=\"text-align: center;\"><span style=\"color: #c42316;\">HORARIOS<\/span><\/h1>\n<h4 style=\"text-align: center;\"><span style=\"color: #c42316;\">NON STOP KITCHEN<\/span><\/h4>\n<p style=\"text-align: center;\">Horario de comidas<br \/>\nL-V: de 13:00 a 17:00 h<\/p>\n<p style=\"text-align: center;\">Cierre de la tienda<br \/>\nL-V: a las 20:00 h<\/p>\n<p>[\/vc_column_text][\/vc_column][vc_column width=\u00bb1\/3&#8243;][vc_single_image image=\u00bb1676&#8243; alignment=\u00bbcenter\u00bb el_class=\u00bbimagen_bottom\u00bb][vc_column_text]<\/p>\n<h1 style=\"text-align: center;\"><span style=\"color: #c42316;\">RESERVAS<\/span><\/h1>\n<p style=\"text-align: center;\">Puedes reservar mesa<br \/>\nllamandonos al<\/p>\n<p style=\"text-align: center;\"><strong class=\"telefono_pie\"><span class=\"LrzXr zdqRlf kno-fv\"><span data-dtype=\"d3ifr\" data-local-attribute=\"d3ph\">944 23 39 14<\/span><\/span><\/strong><\/p>\n<p style=\"text-align: center;\"><a href=\"mailto:info@somosmugarra.com?Subject=Reservas Mugarra\">Mail<\/a><\/p>\n<p>[\/vc_column_text][\/vc_column][\/vc_row]<\/p>\n","protected":false},"excerpt":{"rendered":"<p>[vc_row][vc_column el_class=\u00bbslider-home\u00bb][rev_slider_vc alias=\u00bbHome\u00bb][\/vc_column][\/vc_row][vc_row full_width=\u00bbstretch_row\u00bb parallax=\u00bbcontent-moving\u00bb parallax_image=\u00bb2080&#8243; css=\u00bb.vc_custom_1557836250106{padding-top: 0px !important;}\u00bb el_class=\u00bbbloque_completo\u00bb][vc_column css_animation=\u00bbnone\u00bb css=\u00bb.vc_custom_1557392633350{background-position: 0 0 !important;background-repeat: repeat !important;}\u00bb][vc_empty_space height=\u00bb200px\u00bb][vc_empty_space height=\u00bb250px\u00bb][\/vc_column][vc_column][\/vc_column][\/vc_row][vc_row full_width=\u00bbstretch_row\u00bb css=\u00bb.vc_custom_1557846634427{margin-top: 0px !important;margin-bottom: 0px !important;padding-top: 0px !important;padding-bottom: 0px !important;background-image: url(http:\/\/www.restaurantemugarra.com\/wp-content\/uploads\/2019\/05\/escamas_v5.jpg?id=2090) !important;background-position: center !important;background-repeat: no-repeat !important;background-size: cover !important;}\u00bb el_class=\u00bbfixed-bg\u00bb][vc_column css=\u00bb.vc_custom_1458035227567{margin-top: 0px !important;margin-bottom: 0px !important;padding-top: 0px !important;padding-bottom: 0px !important;}\u00bb][\/vc_column][\/vc_row][vc_row full_width=\u00bbstretch_row\u00bb css=\u00bb.vc_custom_1557393920641{padding-top: 250px !important;padding-bottom: 300px !important;background-image: url(http:\/\/www.restaurantemugarra.com\/wp-content\/uploads\/2019\/05\/fondo_marmol.jpg?id=1655) !important;background-position: [&hellip;]<\/p>\n","protected":false},"author":1,"featured_media":0,"parent":0,"menu_order":0,"comment_status":"closed","ping_status":"closed","template":"homepage.php","meta":[],"_links":{"self":[{"href":"https:\/\/www.restaurantemugarra.com\/es\/wp-json\/wp\/v2\/pages\/36\/"}],"collection":[{"href":"https:\/\/www.restaurantemugarra.com\/es\/wp-json\/wp\/v2\/pages\/"}],"about":[{"href":"https:\/\/www.restaurantemugarra.com\/es\/wp-json\/wp\/v2\/types\/page\/"}],"author":[{"embeddable":true,"href":"https:\/\/www.restaurantemugarra.com\/es\/wp-json\/wp\/v2\/users\/1\/"}],"replies":[{"embeddable":true,"href":"https:\/\/www.restaurantemugarra.com\/es\/wp-json\/wp\/v2\/comments\/?post=36"}],"version-history":[{"count":192,"href":"https:\/\/www.restaurantemugarra.com\/es\/wp-json\/wp\/v2\/pages\/36\/revisions\/"}],"predecessor-version":[{"id":2367,"href":"https:\/\/www.restaurantemugarra.com\/es\/wp-json\/wp\/v2\/pages\/36\/revisions\/2367\/"}],"wp:attachment":[{"href":"https:\/\/www.restaurantemugarra.com\/es\/wp-json\/wp\/v2\/media\/?parent=36"}],"curies":[{"name":"wp","href":"https:\/\/api.w.org\/{rel}","templated":true}]}}