{"id":2200,"date":"2019-06-25T18:54:27","date_gmt":"2019-06-25T16:54:27","guid":{"rendered":"https:\/\/www.restaurantemugarra.com\/?page_id=2200"},"modified":"2025-05-15T18:00:53","modified_gmt":"2025-05-15T16:00:53","slug":"contacto","status":"publish","type":"page","link":"https:\/\/www.restaurantemugarra.com\/es\/contacto\/","title":{"rendered":"CONTACTO"},"content":{"rendered":"<p>[vc_row full_width=\u00bbstretch_row_content\u00bb content_placement=\u00bbmiddle\u00bb][vc_column width=\u00bb1\/2&#8243; el_class=\u00bbtexto_situacion\u00bb css=\u00bb.vc_custom_1537889162842{padding-top: 55px !important;padding-bottom: 55px !important;}\u00bb][vc_single_image image=\u00bb1684&#8243; img_size=\u00bbfull\u00bb alignment=\u00bbcenter\u00bb css_animation=\u00bbfadeInUp\u00bb][vc_column_text css_animation=\u00bbfadeIn\u00bb el_class=\u00bbbloque_texto\u00bb]<\/p>\n<p style=\"text-align: center;\"><span style=\"color: #112966;\">QUEREMOS<\/span><\/p>\n<p style=\"text-align: center;\"><span style=\"color: #112966;\">Ser nosotros mismos. Compartir mesa y mantel donde t\u00fa quieras. Que vuelvas una y otra vez. Ser especiales para ti. Seguir aprendiendo. Que seas parte de la tripulaci\u00f3n. Que nos hag\u00e1is volar alto, navegar lejos\u2026<\/span><\/p>\n<p style=\"text-align: center;\"><span style=\"color: #112966;\">Y volver a casa.<\/span><\/p>\n<p style=\"text-align: center;\"><span style=\"color: #112966;\">\u00a1Os esperamos!<\/span><\/p>\n<p>[\/vc_column_text][\/vc_column][vc_column width=\u00bb1\/2&#8243; el_class=\u00bbimagen_situacion\u00bb][vc_single_image image=\u00bb2133&#8243; img_size=\u00bbfull\u00bb alignment=\u00bbright\u00bb][\/vc_column][\/vc_row][vc_row full_width=\u00bbstretch_row_content\u00bb full_height=\u00bbyes\u00bb][vc_column width=\u00bb1\/2&#8243; el_class=\u00bbtexto_situacion\u00bb css=\u00bb.vc_custom_1537889162842{padding-top: 55px !important;padding-bottom: 55px !important;}\u00bb][vc_single_image image=\u00bb2208&#8243; img_size=\u00bbfull\u00bb][\/vc_column][vc_column width=\u00bb1\/2&#8243; el_class=\u00bbimagen_situacion\u00bb][vc_single_image image=\u00bb2210&#8243; img_size=\u00bbfull\u00bb alignment=\u00bbright\u00bb onclick=\u00bbcustom_link\u00bb img_link_target=\u00bb_blank\u00bb link=\u00bbhttps:\/\/www.google.com\/maps\/place\/Mugarra\/@43.2643806,-2.9344396,17z\/data=!3m1!4b1!4m5!3m4!1s0xd4e4fda222798ed:0x5c33307e44884750!8m2!3d43.2643806!4d-2.9322509&#8243;][\/vc_column][\/vc_row][vc_row full_width=\u00bbstretch_row\u00bb css=\u00bb.vc_custom_1561649548746{padding-top: 100px !important;padding-bottom: 100px !important;background-color: #112966 !important;}\u00bb][vc_column width=\u00bb1\/3&#8243;][vc_single_image image=\u00bb1677&#8243; alignment=\u00bbcenter\u00bb el_class=\u00bbimagen_bottom\u00bb][vc_column_text]<\/p>\n<h1 style=\"text-align: center;\"><span style=\"color: #c42316;\">ESTAMOS EN<\/span><\/h1>\n<p style=\"text-align: center;\">Calle Ercilla 14.<br \/>\nBILBAO[\/vc_column_text][\/vc_column][vc_column width=\u00bb1\/3&#8243;][vc_single_image image=\u00bb1678&#8243; alignment=\u00bbcenter\u00bb el_class=\u00bbimagen_bottom\u00bb][vc_column_text]<\/p>\n<h1 style=\"text-align: center;\"><span style=\"color: #c42316;\">HORARIOS<\/span><\/h1>\n<h4 style=\"text-align: center;\"><span style=\"color: #c42316;\">NON STOP KITCHEN<\/span><\/h4>\n<p style=\"text-align: center;\">Horario de comidas<br \/>\nL-V: de 13:00 a 17:00 h<\/p>\n<p style=\"text-align: center;\">Cierre de la tienda<br \/>\nL-V: a las 20:00 h<\/p>\n<p>[\/vc_column_text][\/vc_column][vc_column width=\u00bb1\/3&#8243;][vc_single_image image=\u00bb1676&#8243; alignment=\u00bbcenter\u00bb el_class=\u00bbimagen_bottom\u00bb][vc_column_text]<\/p>\n<h1 style=\"text-align: center;\"><span style=\"color: #c42316;\">RESERVAS<\/span><\/h1>\n<p style=\"text-align: center;\">Puedes reservar mesa<br \/>\nllamandonos al<\/p>\n<p style=\"text-align: center;\"><strong class=\"telefono_pie\"><span class=\"LrzXr zdqRlf kno-fv\"><span data-dtype=\"d3ifr\" data-local-attribute=\"d3ph\">944 23 39 14<\/span><\/span><\/strong><\/p>\n<p style=\"text-align: center;\"><a href=\"mailto:info@somosmugarra.com?Subject=Reservas Mugarra\">Mail<\/a><\/p>\n<p>[\/vc_column_text][\/vc_column][\/vc_row]<\/p>\n","protected":false},"excerpt":{"rendered":"<p>[vc_row full_width=\u00bbstretch_row_content\u00bb content_placement=\u00bbmiddle\u00bb][vc_column width=\u00bb1\/2&#8243; el_class=\u00bbtexto_situacion\u00bb css=\u00bb.vc_custom_1537889162842{padding-top: 55px !important;padding-bottom: 55px !important;}\u00bb][vc_single_image image=\u00bb1684&#8243; img_size=\u00bbfull\u00bb alignment=\u00bbcenter\u00bb css_animation=\u00bbfadeInUp\u00bb][vc_column_text css_animation=\u00bbfadeIn\u00bb el_class=\u00bbbloque_texto\u00bb] QUEREMOS Ser nosotros mismos. Compartir mesa y mantel donde t\u00fa quieras. Que vuelvas una y otra vez. Ser especiales para ti. Seguir aprendiendo. Que seas parte de la tripulaci\u00f3n. Que nos hag\u00e1is volar alto, navegar lejos\u2026 Y volver a [&hellip;]<\/p>\n","protected":false},"author":1,"featured_media":0,"parent":0,"menu_order":0,"comment_status":"closed","ping_status":"closed","template":"","meta":[],"_links":{"self":[{"href":"https:\/\/www.restaurantemugarra.com\/es\/wp-json\/wp\/v2\/pages\/2200\/"}],"collection":[{"href":"https:\/\/www.restaurantemugarra.com\/es\/wp-json\/wp\/v2\/pages\/"}],"about":[{"href":"https:\/\/www.restaurantemugarra.com\/es\/wp-json\/wp\/v2\/types\/page\/"}],"author":[{"embeddable":true,"href":"https:\/\/www.restaurantemugarra.com\/es\/wp-json\/wp\/v2\/users\/1\/"}],"replies":[{"embeddable":true,"href":"https:\/\/www.restaurantemugarra.com\/es\/wp-json\/wp\/v2\/comments\/?post=2200"}],"version-history":[{"count":16,"href":"https:\/\/www.restaurantemugarra.com\/es\/wp-json\/wp\/v2\/pages\/2200\/revisions\/"}],"predecessor-version":[{"id":2342,"href":"https:\/\/www.restaurantemugarra.com\/es\/wp-json\/wp\/v2\/pages\/2200\/revisions\/2342\/"}],"wp:attachment":[{"href":"https:\/\/www.restaurantemugarra.com\/es\/wp-json\/wp\/v2\/media\/?parent=2200"}],"curies":[{"name":"wp","href":"https:\/\/api.w.org\/{rel}","templated":true}]}}