{"id":2192,"date":"2019-06-18T12:42:00","date_gmt":"2019-06-18T10:42:00","guid":{"rendered":"http:\/\/www.restaurantemugarra.com\/?page_id=2192"},"modified":"2020-09-15T13:55:47","modified_gmt":"2020-09-15T11:55:47","slug":"avisolegal","status":"publish","type":"page","link":"https:\/\/www.restaurantemugarra.com\/es\/avisolegal\/","title":{"rendered":"AVISO LEGAL"},"content":{"rendered":"<p>[vc_row][vc_column][vc_empty_space][\/vc_column][\/vc_row][vc_row full_width=\u00bbstretch_row_content\u00bb equal_height=\u00bbyes\u00bb content_placement=\u00bbmiddle\u00bb][vc_column width=\u00bb1\/3&#8243; el_class=\u00bbtexto_situacion\u00bb css=\u00bb.vc_custom_1537889162842{padding-top: 55px !important;padding-bottom: 55px !important;}\u00bb][\/vc_column][vc_column width=\u00bb1\/3&#8243;][vc_column_text css_animation=\u00bbnone\u00bb el_class=\u00bbbloque_texto\u00bb]<\/p>\n<h2><span style=\"color: #000000;\"><strong>1. Derecho de Informaci\u00f3n y Finalidad<\/strong><\/span><\/h2>\n<p><span style=\"color: #000000;\">Cadi Ercilla S.L. sociedad inscrita con fecha 30 de marzo de 2001 en la Sociedad Mercantil de Bizkaia, (1\/240\/1.446, Folio: 221) y con CIF B95150660 se compromete claramente con el cumplimiento de lo dispuesto en el Reglamento General de Protecci\u00f3n de datos 2016 \/ 679 de 27 de abril de 2016, de Protecci\u00f3n de Datos de Car\u00e1cter Personal y la Ley de Servicios de la Sociedad de la Informaci\u00f3n y de Comercio Electr\u00f3nico (LSSI-CE), garantiza el cumplimiento \u00edntegro de las obligaciones dispuestas, as\u00ed como la implementaci\u00f3n de las medidas de seguridad recogidas.<br \/>\nCadi Ercilla S.L. pone a disposici\u00f3n de los usuarios la pol\u00edtica de privacidad de la entidad informando a los usuarios respecto de los siguientes aspectos:<br \/>\nEn cumplimiento del Reglamento General de Protecci\u00f3n de datos 2016 \/ 679 de 27 de abril de 2016, de Protecci\u00f3n de Datos de Car\u00e1cter Personal, se informa que Cadi Ercilla S.L. es responsable del tratamiento, con un fichero debidamente registrado en el Registro General de Protecci\u00f3n de Datos, en el que se incluir\u00e1n los datos personales que usted nos facilite, siendo sometidos a los controles y normas establecidos en el Reglamento de Medidas de Seguridad. La direcci\u00f3n del responsable del fichero es C\/ Ercilla, 14, 48009, Bilbao (Bizkaia).<br \/>\nLa finalidad para la que se recogen los datos ser\u00e1 la de cada caso concreto, pero siempre tendr\u00e1 como objeto gestionar el servicio prestado por Cadi Ercilla S.L. al cliente dentro del marco de la relaci\u00f3n comercial que los une, enviarle informaci\u00f3n y publicidad sobre ofertas, promociones, recomendaciones y confeccionar nuevos productos a partir de las preferencias de nuestros clientes.<\/span><\/p>\n<p>&nbsp;<\/p>\n<h2><span style=\"color: #000000;\"><strong>2. Derechos de Acceso, Rectificaci\u00f3n, Cancelaci\u00f3n, Oposici\u00f3n y Revocaci\u00f3n del Consentimiento<\/strong><\/span><\/h2>\n<p><span style=\"color: #000000;\">En virtud de las leyes antes mencionadas, el usuario podr\u00e1 ejercitar los derechos de acceso, rectificaci\u00f3n o cancelaci\u00f3n de datos, oposici\u00f3n, limitaci\u00f3n, olvido y portabilidad siempre que resultase pertinente, as\u00ed como el de revocaci\u00f3n del consentimiento para la cesi\u00f3n de sus datos, o para cualquiera de los usos antes se\u00f1alados, a trav\u00e9s de correo electr\u00f3nico a info@restaurantemugarra.com, o enviando un correo postal a la siguiente direcci\u00f3n: C\/ Ercilla, 14, 48009, Bilbao (Vizcaya).<br \/>\nEl usuario podr\u00e1 darse de baja en cualquier momento de cualquiera de los servicios de suscripci\u00f3n facilitados, respondiendo a cualquier correo electr\u00f3nico remitido por Cadi Ercilla S.L. e indicando en el asunto \u00abDar de baja\u00bb.<\/span><\/p>\n<p>&nbsp;<\/p>\n<h2><span style=\"color: #000000;\"><strong>3. Car\u00e1cter Obligatorio o Facultativo de la Informaci\u00f3n facilitada por el Usuario<\/strong><\/span><\/h2>\n<p><span style=\"color: #000000;\">Los usuarios, mediante la marcaci\u00f3n de las casillas correspondientes y entrada de datos en los campos, marcados con un asterisco (*) en el formulario de contacto o presentados en formularios, aceptan expresamente y de forma libre e inequ\u00edvoca, que sus datos son necesarios para atender su petici\u00f3n, por parte del prestador, siendo voluntaria la inclusi\u00f3n de datos en los campos restantes. El usuario garantiza que los datos personales facilitados a Cadi Ercilla S.L. son veraces y se hace responsable de comunicar cualquier modificaci\u00f3n de los mismos.<br \/>\nLos datos facilitados por los usuarios podr\u00e1n ser\u00e1n tratados para realizar alguna de las siguientes finalidades:<br \/>\n\u2022 Remisi\u00f3n de comunicaciones comerciales publicitarias por email, fax, SMS, MMS, comunidades sociales o cualquier otro medio electr\u00f3nico o f\u00edsico, presente o futuro, que posibilite realizar comunicaciones comerciales. Estas comunicaciones ser\u00e1n realizadas por Cadi Ercilla S.L. y relacionadas sobre sus productos y servicios, o de sus colaboradores o proveedores con los que \u00e9ste haya alcanzado alg\u00fan acuerdo de promoci\u00f3n. En este caso, los terceros nunca tendr\u00e1n acceso a los datos personales.<br \/>\n\u2022 Realizar estudios estad\u00edsticos.<br \/>\n\u2022 Tramitar encargos, solicitudes o cualquier tipo de petici\u00f3n que sea realizada por el usuario a trav\u00e9s de cualquiera de las formas de contacto que se ponen a su disposici\u00f3n.<br \/>\n\u2022 Remitir el bolet\u00edn de noticias de la p\u00e1gina web.<br \/>\nCadi Ercilla S.L. informa y garantiza expresamente a los usuarios que sus datos personales no ser\u00e1n cedidos en ning\u00fan caso a terceros, y que siempre que realizara alg\u00fan tipo de cesi\u00f3n de datos personales, se pedir\u00e1 previamente el consentimiento expreso, informado e inequ\u00edvoco por parte los titulares. Todos los datos solicitados a trav\u00e9s del sitio web son obligatorios, ya que son necesarios para la prestaci\u00f3n de un servicio \u00f3ptimo al usuario. En caso de que no sean facilitados todos los datos, no se garantiza que la informaci\u00f3n y servicios facilitados sean completamente ajustados a sus necesidades.<\/span><\/p>\n<p>&nbsp;<\/p>\n<h2><span style=\"color: #000000;\"><strong>4. Medidas de Seguridad<\/strong><\/span><\/h2>\n<p><span style=\"color: #000000;\">Conforme el Reglamento General de Protecci\u00f3n de datos 2016 \/ 679 de 27 de abril de 2016 Cadi Ercilla S.L. ha adoptado las medidas de \u00edndole t\u00e9cnica y organizativa necesarias para garantizar la seguridad e integridad de los datos de car\u00e1cter personal que trate, confidencialidad y privacidad de las mismas.<\/span><\/p>\n<p>&nbsp;<\/p>\n<h2><span style=\"color: #000000;\"><strong>5. Pagos<br \/>\n<\/strong><\/span><\/h2>\n<p><span style=\"color: #000000;\">Los distintos medios de pago con los que puede contar cada establecimiento son los siguientes:<\/span><\/p>\n<p><span style=\"color: #000000;\">\u2022 Tarjeta de cr\u00e9dito-d\u00e9bito.<\/span><\/p>\n<p><span style=\"color: #000000;\">Las tarjetas de cr\u00e9dito estar\u00e1n sujetas a comprobaciones y autorizaciones por parte de la entidad emisora de las mismas, pero si dicha entidad no autorizase el pago, no nos haremos responsables por ning\u00fan retraso o falta de entrega y no podemos formalizar ning\u00fan contrato con el Usuario. Al autorizar el pago con la tarjeta facilitada est\u00e1 confirmando que es el titular de la tarjeta.<\/span><\/p>\n<p>&nbsp;<\/p>\n<h2><span style=\"color: #000000;\">6. Recogida y cancelaci\u00f3n de pedidos<\/span><\/h2>\n<p><span style=\"color: #000000;\">Los pedido se podr\u00e1n recoger en la tienda de Bilbao sita en Ercilla, 14. Podr\u00e1n cancelar su pedido a trav\u00e9s de nuestro mail info@restaurantemugarra.com, o a trav\u00e9s de nuestro tel\u00e9fono 944 23 39 14.<\/span><\/p>\n<h2><span style=\"color: #000000;\">7. Devoluci\u00f3n y reembolso<\/span><\/h2>\n<p><span style=\"color: #000000;\">En los casos en que se demuestre que procede la devoluci\u00f3n o abono al usuario de los pagos realizados con tarjetas, Cadi Ercilla S.L procurar\u00e1 realizar el reembolso correspondiente en cuenta en el plazo de 10 d\u00edas h\u00e1biles.<\/span><\/p>\n<h2><span style=\"color: #000000;\">8. Reclamaciones<\/span><\/h2>\n<p><span style=\"color: #000000;\">El Usuario puede formular una queja o reclamaci\u00f3n mediante correo electr\u00f3nico (enviado un mensaje a info@restaurantemugarra.com) o bien mediante comunicaci\u00f3n escrita dirigida a Departamento de Atenci\u00f3n al Cliente, Ercilla S.L, C\/ Ercilla, 14, 48009, Bilbao (Bizkaia)..<\/span><\/p>\n<p><span style=\"color: #000000;\">\u00abEste comerciante se compromete a no permitir ninguna transacci\u00f3n que sea ilegal, o se considere por las marcas de tarjetas de cr\u00e9dito o el banco adquiriente, que pueda o tenga el potencial de da\u00f1ar la buena voluntad de los mismos o influir de manera negativa en ellos. Las siguientes actividades est\u00e1n prohibidas en virtud de los programas de las marcas de tarjetas: la venta u oferta de un producto o servicio que no sea de plena conformidad con todas las leyes aplicables al Comprador, Banco Emisor, Comerciante, Titular de la tarjeta, o tarjetas. Adem\u00e1s, las siguientes actividades tambi\u00e9n est\u00e1n prohibidas expl\u00edcitamente: \u00abVenta de bebidas alcoh\u00f3licas a menores de 18 a\u00f1os\u00bb.<\/span>[\/vc_column_text][\/vc_column][vc_column width=\u00bb1\/3&#8243;][\/vc_column][\/vc_row][vc_row][vc_column][vc_empty_space][\/vc_column][\/vc_row]<\/p>\n","protected":false},"excerpt":{"rendered":"<p>[vc_row][vc_column][vc_empty_space][\/vc_column][\/vc_row][vc_row full_width=\u00bbstretch_row_content\u00bb equal_height=\u00bbyes\u00bb content_placement=\u00bbmiddle\u00bb][vc_column width=\u00bb1\/3&#8243; el_class=\u00bbtexto_situacion\u00bb css=\u00bb.vc_custom_1537889162842{padding-top: 55px !important;padding-bottom: 55px !important;}\u00bb][\/vc_column][vc_column width=\u00bb1\/3&#8243;][vc_column_text css_animation=\u00bbnone\u00bb el_class=\u00bbbloque_texto\u00bb] 1. Derecho de Informaci\u00f3n y Finalidad Cadi Ercilla S.L. sociedad inscrita con fecha 30 de marzo de 2001 en la Sociedad Mercantil de Bizkaia, (1\/240\/1.446, Folio: 221) y con CIF B95150660 se compromete claramente con el cumplimiento de lo dispuesto en [&hellip;]<\/p>\n","protected":false},"author":1,"featured_media":0,"parent":0,"menu_order":0,"comment_status":"closed","ping_status":"closed","template":"","meta":[],"_links":{"self":[{"href":"https:\/\/www.restaurantemugarra.com\/es\/wp-json\/wp\/v2\/pages\/2192\/"}],"collection":[{"href":"https:\/\/www.restaurantemugarra.com\/es\/wp-json\/wp\/v2\/pages\/"}],"about":[{"href":"https:\/\/www.restaurantemugarra.com\/es\/wp-json\/wp\/v2\/types\/page\/"}],"author":[{"embeddable":true,"href":"https:\/\/www.restaurantemugarra.com\/es\/wp-json\/wp\/v2\/users\/1\/"}],"replies":[{"embeddable":true,"href":"https:\/\/www.restaurantemugarra.com\/es\/wp-json\/wp\/v2\/comments\/?post=2192"}],"version-history":[{"count":8,"href":"https:\/\/www.restaurantemugarra.com\/es\/wp-json\/wp\/v2\/pages\/2192\/revisions\/"}],"predecessor-version":[{"id":2318,"href":"https:\/\/www.restaurantemugarra.com\/es\/wp-json\/wp\/v2\/pages\/2192\/revisions\/2318\/"}],"wp:attachment":[{"href":"https:\/\/www.restaurantemugarra.com\/es\/wp-json\/wp\/v2\/media\/?parent=2192"}],"curies":[{"name":"wp","href":"https:\/\/api.w.org\/{rel}","templated":true}]}}